{"id":199,"date":"2026-02-23T17:31:57","date_gmt":"2026-02-23T20:31:57","guid":{"rendered":"http:\/\/brazfigueiredo.local\/?page_id=199"},"modified":"2026-04-10T14:06:57","modified_gmt":"2026-04-10T17:06:57","slug":"areas-de-atuacao","status":"publish","type":"page","link":"https:\/\/talktoalldigital.com.br\/brazefigueiredo\/areas-de-atuacao\/","title":{"rendered":"\u00c1reas de Atua\u00e7\u00e3o"},"content":{"rendered":"\t\t<div data-elementor-type=\"wp-page\" data-elementor-id=\"199\" class=\"elementor elementor-199\" data-elementor-post-type=\"page\">\n\t\t\t\t<div class=\"elementor-element elementor-element-b20d39c e-flex e-con-boxed e-con e-parent\" data-id=\"b20d39c\" data-element_type=\"container\" data-e-type=\"container\" data-settings=\"{&quot;background_background&quot;:&quot;classic&quot;}\">\n\t\t\t\t\t<div class=\"e-con-inner\">\n\t\t\t\t<div class=\"elementor-element elementor-element-bce0ee9 elementor-widget elementor-widget-heading\" data-id=\"bce0ee9\" data-element_type=\"widget\" data-e-type=\"widget\" data-widget_type=\"heading.default\">\n\t\t\t\t\t<h2 class=\"elementor-heading-title elementor-size-default\">\u00c1reas de Atua\u00e7\u00e3o<\/h2>\t\t\t\t<\/div>\n\t\t\t\t<div class=\"elementor-element elementor-element-973066e elementor-align-left elementor-widget elementor-widget-breadcrumbs\" data-id=\"973066e\" data-element_type=\"widget\" data-e-type=\"widget\" data-widget_type=\"breadcrumbs.default\">\n\t\t\t\t\t<nav id=\"breadcrumbs\"><span><span><a href=\"https:\/\/talktoalldigital.com.br\/brazefigueiredo\/\">In\u00edcio<\/a><\/span><\/span><\/nav>\t\t\t\t<\/div>\n\t\t\t\t\t<\/div>\n\t\t\t\t<\/div>\n\t\t<div class=\"elementor-element elementor-element-ef55ecf e-flex e-con-boxed e-con e-parent\" data-id=\"ef55ecf\" data-element_type=\"container\" data-e-type=\"container\" data-settings=\"{&quot;background_background&quot;:&quot;gradient&quot;}\">\n\t\t\t\t\t<div class=\"e-con-inner\">\n\t\t<div class=\"elementor-element elementor-element-d8f96ba e-con-full e-flex e-con e-child\" data-id=\"d8f96ba\" data-element_type=\"container\" data-e-type=\"container\">\n\t\t<div class=\"elementor-element elementor-element-d96f84f e-con-full e-flex e-con e-child\" data-id=\"d96f84f\" data-element_type=\"container\" data-e-type=\"container\">\n\t\t\t\t<div class=\"elementor-element elementor-element-c686f10 elementor-widget elementor-widget-heading\" data-id=\"c686f10\" data-element_type=\"widget\" data-e-type=\"widget\" data-widget_type=\"heading.default\">\n\t\t\t\t\t<h2 class=\"elementor-heading-title elementor-size-default\">Protegemos sua empresa, seus neg\u00f3cios e seus resultados.<\/h2>\t\t\t\t<\/div>\n\t\t\t\t<div class=\"elementor-element elementor-element-613f670 elementor-widget__width-inherit elementor-widget elementor-widget-text-editor\" data-id=\"613f670\" data-element_type=\"widget\" data-e-type=\"widget\" data-widget_type=\"text-editor.default\">\n\t\t\t\t\t\t\t\t\t<p>No ambiente corporativo atual, os desafios jur\u00eddicos v\u00e3o muito al\u00e9m de simples conformidade: riscos trabalhistas, conflitos societ\u00e1rios, quest\u00f5es contratuais e lit\u00edgios de consumo podem comprometer a reputa\u00e7\u00e3o, o patrim\u00f4nio e a continuidade da sua empresa.<\/p><p>Nossa atua\u00e7\u00e3o \u00e9 estrat\u00e9gica, preventiva e personalizada, oferecendo solu\u00e7\u00f5es jur\u00eddicas que permitem \u00e0 sua empresa crescer com seguran\u00e7a, minimizar passivos e tomar decis\u00f5es com confian\u00e7a.<\/p><p>Nosso compromisso \u00e9 simples: antecipar problemas, transformar riscos em solu\u00e7\u00f5es e assegurar que sua empresa esteja sempre um passo \u00e0 frente.<\/p>\t\t\t\t\t\t\t\t<\/div>\n\t\t\t\t<\/div>\n\t\t\t\t<div class=\"elementor-element elementor-element-4b9b97a elementor-widget__width-inherit elementor-widget elementor-widget-image\" data-id=\"4b9b97a\" data-element_type=\"widget\" data-e-type=\"widget\" data-widget_type=\"image.default\">\n\t\t\t\t\t\t\t\t\t\t\t\t\t\t\t<img fetchpriority=\"high\" decoding=\"async\" width=\"800\" height=\"534\" src=\"https:\/\/talktoalldigital.com.br\/brazefigueiredo\/wp-content\/uploads\/2026\/04\/0Y2A2502-1024x683.jpg\" class=\"attachment-large size-large wp-image-4098\" alt=\"\" srcset=\"https:\/\/talktoalldigital.com.br\/brazefigueiredo\/wp-content\/uploads\/2026\/04\/0Y2A2502-1024x683.jpg 1024w, https:\/\/talktoalldigital.com.br\/brazefigueiredo\/wp-content\/uploads\/2026\/04\/0Y2A2502-300x200.jpg 300w, https:\/\/talktoalldigital.com.br\/brazefigueiredo\/wp-content\/uploads\/2026\/04\/0Y2A2502-768x512.jpg 768w, https:\/\/talktoalldigital.com.br\/brazefigueiredo\/wp-content\/uploads\/2026\/04\/0Y2A2502-1536x1024.jpg 1536w, https:\/\/talktoalldigital.com.br\/brazefigueiredo\/wp-content\/uploads\/2026\/04\/0Y2A2502-2048x1365.jpg 2048w\" sizes=\"(max-width: 800px) 100vw, 800px\" \/>\t\t\t\t\t\t\t\t\t\t\t\t\t\t\t<\/div>\n\t\t\t\t<\/div>\n\t\t<div class=\"elementor-element elementor-element-cba6291 e-con-full e-grid e-con e-child\" data-id=\"cba6291\" data-element_type=\"container\" data-e-type=\"container\">\n\t\t<a class=\"elementor-element elementor-element-42c0c7e e-con-full e-flex elementor-invisible e-con e-child\" data-id=\"42c0c7e\" data-element_type=\"container\" data-e-type=\"container\" data-settings=\"{&quot;animation&quot;:&quot;zoomIn&quot;,&quot;animation_delay&quot;:300}\" href=\"https:\/\/talktoalldigital.com.br\/brazefigueiredo\/areas-de-atuacao\/direito-trabalhista\/\">\n\t\t\t\t<div class=\"elementor-element elementor-element-ba88528 elementor-widget elementor-widget-heading\" data-id=\"ba88528\" data-element_type=\"widget\" data-e-type=\"widget\" data-widget_type=\"heading.default\">\n\t\t\t\t\t<span class=\"elementor-heading-title elementor-size-default\">Direito<\/span>\t\t\t\t<\/div>\n\t\t\t\t<div class=\"elementor-element elementor-element-85ada82 elementor-widget elementor-widget-heading\" data-id=\"85ada82\" data-element_type=\"widget\" data-e-type=\"widget\" data-widget_type=\"heading.default\">\n\t\t\t\t\t<h3 class=\"elementor-heading-title elementor-size-default\">Trabalhista<\/h3>\t\t\t\t<\/div>\n\t\t\t\t<\/a>\n\t\t<a class=\"elementor-element elementor-element-1c85ad6 e-con-full e-flex elementor-invisible e-con e-child\" data-id=\"1c85ad6\" data-element_type=\"container\" data-e-type=\"container\" data-settings=\"{&quot;animation&quot;:&quot;zoomIn&quot;,&quot;animation_delay&quot;:600}\" href=\"https:\/\/talktoalldigital.com.br\/brazefigueiredo\/areas-de-atuacao\/direito-civel\/\">\n\t\t\t\t<div class=\"elementor-element elementor-element-b4f3854 elementor-widget elementor-widget-heading\" data-id=\"b4f3854\" data-element_type=\"widget\" data-e-type=\"widget\" data-widget_type=\"heading.default\">\n\t\t\t\t\t<span class=\"elementor-heading-title elementor-size-default\">Direito<\/span>\t\t\t\t<\/div>\n\t\t\t\t<div class=\"elementor-element elementor-element-8c31032 elementor-widget elementor-widget-heading\" data-id=\"8c31032\" data-element_type=\"widget\" data-e-type=\"widget\" data-widget_type=\"heading.default\">\n\t\t\t\t\t<h3 class=\"elementor-heading-title elementor-size-default\">C\u00edvel<\/h3>\t\t\t\t<\/div>\n\t\t\t\t<\/a>\n\t\t<a class=\"elementor-element elementor-element-3f7868e e-con-full e-flex elementor-invisible e-con e-child\" data-id=\"3f7868e\" data-element_type=\"container\" data-e-type=\"container\" data-settings=\"{&quot;animation&quot;:&quot;zoomIn&quot;,&quot;animation_delay&quot;:900}\" href=\"https:\/\/talktoalldigital.com.br\/brazefigueiredo\/areas-de-atuacao\/direito-do-consumidor\/\">\n\t\t\t\t<div class=\"elementor-element elementor-element-739ec58 elementor-widget elementor-widget-heading\" data-id=\"739ec58\" data-element_type=\"widget\" data-e-type=\"widget\" data-widget_type=\"heading.default\">\n\t\t\t\t\t<span class=\"elementor-heading-title elementor-size-default\">Direito do<\/span>\t\t\t\t<\/div>\n\t\t\t\t<div class=\"elementor-element elementor-element-a071215 elementor-widget elementor-widget-heading\" data-id=\"a071215\" data-element_type=\"widget\" data-e-type=\"widget\" data-widget_type=\"heading.default\">\n\t\t\t\t\t<h3 class=\"elementor-heading-title elementor-size-default\">Consumidor<\/h3>\t\t\t\t<\/div>\n\t\t\t\t<\/a>\n\t\t<a class=\"elementor-element elementor-element-1843442 e-con-full e-flex elementor-invisible e-con e-child\" data-id=\"1843442\" data-element_type=\"container\" data-e-type=\"container\" data-settings=\"{&quot;animation&quot;:&quot;zoomIn&quot;,&quot;animation_delay&quot;:1200}\" href=\"https:\/\/talktoalldigital.com.br\/brazefigueiredo\/areas-de-atuacao\/direito-de-familia-e-sucessoes\/\">\n\t\t\t\t<div class=\"elementor-element elementor-element-2347034 elementor-widget elementor-widget-heading\" data-id=\"2347034\" data-element_type=\"widget\" data-e-type=\"widget\" data-widget_type=\"heading.default\">\n\t\t\t\t\t<span class=\"elementor-heading-title elementor-size-default\">Direito da<\/span>\t\t\t\t<\/div>\n\t\t\t\t<div class=\"elementor-element elementor-element-b98db52 elementor-widget elementor-widget-heading\" data-id=\"b98db52\" data-element_type=\"widget\" data-e-type=\"widget\" data-widget_type=\"heading.default\">\n\t\t\t\t\t<h3 class=\"elementor-heading-title elementor-size-default\">Fam\u00edlia e Sucess\u00f5es<\/h3>\t\t\t\t<\/div>\n\t\t\t\t<\/a>\n\t\t\t\t<\/div>\n\t\t\t\t\t<\/div>\n\t\t\t\t<\/div>\n\t\t\t\t<\/div>\n\t\t","protected":false},"excerpt":{"rendered":"<p>\u00c1reas de Atua\u00e7\u00e3o Protegemos sua empresa, seus neg\u00f3cios e seus resultados. No ambiente corporativo atual, os desafios jur\u00eddicos v\u00e3o muito al\u00e9m de simples conformidade: riscos trabalhistas, conflitos societ\u00e1rios, quest\u00f5es contratuais e lit\u00edgios de consumo podem comprometer a reputa\u00e7\u00e3o, o patrim\u00f4nio e a continuidade da sua empresa. Nossa atua\u00e7\u00e3o \u00e9 estrat\u00e9gica, preventiva e personalizada, oferecendo solu\u00e7\u00f5es [&hellip;]<\/p>\n","protected":false},"author":1,"featured_media":0,"parent":0,"menu_order":0,"comment_status":"closed","ping_status":"closed","template":"","meta":{"_acf_changed":false,"footnotes":""},"class_list":["post-199","page","type-page","status-publish","hentry"],"acf":[],"yoast_head":"<!-- This site is optimized with the Yoast SEO plugin v27.3 - https:\/\/yoast.com\/product\/yoast-seo-wordpress\/ -->\n<title>\u00c1reas de Atua\u00e7\u00e3o - Braz &amp; Figueiredo<\/title>\n<meta name=\"robots\" content=\"index, follow, max-snippet:-1, max-image-preview:large, max-video-preview:-1\" \/>\n<link rel=\"canonical\" href=\"https:\/\/talktoalldigital.com.br\/brazefigueiredo\/areas-de-atuacao\/\" \/>\n<meta property=\"og:locale\" content=\"pt_BR\" \/>\n<meta property=\"og:type\" content=\"article\" \/>\n<meta property=\"og:title\" content=\"\u00c1reas de Atua\u00e7\u00e3o - Braz &amp; Figueiredo\" \/>\n<meta property=\"og:description\" content=\"\u00c1reas de Atua\u00e7\u00e3o Protegemos sua empresa, seus neg\u00f3cios e seus resultados. No ambiente corporativo atual, os desafios jur\u00eddicos v\u00e3o muito al\u00e9m de simples conformidade: riscos trabalhistas, conflitos societ\u00e1rios, quest\u00f5es contratuais e lit\u00edgios de consumo podem comprometer a reputa\u00e7\u00e3o, o patrim\u00f4nio e a continuidade da sua empresa. Nossa atua\u00e7\u00e3o \u00e9 estrat\u00e9gica, preventiva e personalizada, oferecendo solu\u00e7\u00f5es [&hellip;]\" \/>\n<meta property=\"og:url\" content=\"https:\/\/talktoalldigital.com.br\/brazefigueiredo\/areas-de-atuacao\/\" \/>\n<meta property=\"og:site_name\" content=\"Braz &amp; Figueiredo\" \/>\n<meta property=\"article:publisher\" content=\"https:\/\/www.facebook.com\/brazefigueiredosociedadedeadvogados\/\" \/>\n<meta property=\"article:modified_time\" content=\"2026-04-10T17:06:57+00:00\" \/>\n<meta property=\"og:image\" content=\"https:\/\/talktoalldigital.com.br\/brazefigueiredo\/wp-content\/uploads\/2026\/04\/0Y2A2502-1024x683.jpg\" \/>\n<meta name=\"twitter:card\" content=\"summary_large_image\" \/>\n<meta name=\"twitter:label1\" content=\"Est. tempo de leitura\" \/>\n\t<meta name=\"twitter:data1\" content=\"1 minuto\" \/>\n<script type=\"application\/ld+json\" class=\"yoast-schema-graph\">{\"@context\":\"https:\\\/\\\/schema.org\",\"@graph\":[{\"@type\":\"WebPage\",\"@id\":\"https:\\\/\\\/talktoalldigital.com.br\\\/brazefigueiredo\\\/areas-de-atuacao\\\/\",\"url\":\"https:\\\/\\\/talktoalldigital.com.br\\\/brazefigueiredo\\\/areas-de-atuacao\\\/\",\"name\":\"\u00c1reas de Atua\u00e7\u00e3o - Braz &amp; Figueiredo\",\"isPartOf\":{\"@id\":\"https:\\\/\\\/talktoalldigital.com.br\\\/brazefigueiredo\\\/#website\"},\"primaryImageOfPage\":{\"@id\":\"https:\\\/\\\/talktoalldigital.com.br\\\/brazefigueiredo\\\/areas-de-atuacao\\\/#primaryimage\"},\"image\":{\"@id\":\"https:\\\/\\\/talktoalldigital.com.br\\\/brazefigueiredo\\\/areas-de-atuacao\\\/#primaryimage\"},\"thumbnailUrl\":\"https:\\\/\\\/talktoalldigital.com.br\\\/brazefigueiredo\\\/wp-content\\\/uploads\\\/2026\\\/04\\\/0Y2A2502-1024x683.jpg\",\"datePublished\":\"2026-02-23T20:31:57+00:00\",\"dateModified\":\"2026-04-10T17:06:57+00:00\",\"breadcrumb\":{\"@id\":\"https:\\\/\\\/talktoalldigital.com.br\\\/brazefigueiredo\\\/areas-de-atuacao\\\/#breadcrumb\"},\"inLanguage\":\"pt-BR\",\"potentialAction\":[{\"@type\":\"ReadAction\",\"target\":[\"https:\\\/\\\/talktoalldigital.com.br\\\/brazefigueiredo\\\/areas-de-atuacao\\\/\"]}]},{\"@type\":\"ImageObject\",\"inLanguage\":\"pt-BR\",\"@id\":\"https:\\\/\\\/talktoalldigital.com.br\\\/brazefigueiredo\\\/areas-de-atuacao\\\/#primaryimage\",\"url\":\"https:\\\/\\\/talktoalldigital.com.br\\\/brazefigueiredo\\\/wp-content\\\/uploads\\\/2026\\\/04\\\/0Y2A2502-scaled.jpg\",\"contentUrl\":\"https:\\\/\\\/talktoalldigital.com.br\\\/brazefigueiredo\\\/wp-content\\\/uploads\\\/2026\\\/04\\\/0Y2A2502-scaled.jpg\",\"width\":2560,\"height\":1707},{\"@type\":\"BreadcrumbList\",\"@id\":\"https:\\\/\\\/talktoalldigital.com.br\\\/brazefigueiredo\\\/areas-de-atuacao\\\/#breadcrumb\",\"itemListElement\":[{\"@type\":\"ListItem\",\"position\":1,\"name\":\"In\u00edcio\",\"item\":\"https:\\\/\\\/talktoalldigital.com.br\\\/brazefigueiredo\\\/\"},{\"@type\":\"ListItem\",\"position\":2,\"name\":\"\u00c1reas de Atua\u00e7\u00e3o\"}]},{\"@type\":\"WebSite\",\"@id\":\"https:\\\/\\\/talktoalldigital.com.br\\\/brazefigueiredo\\\/#website\",\"url\":\"https:\\\/\\\/talktoalldigital.com.br\\\/brazefigueiredo\\\/\",\"name\":\"Braz & Figueiredo\",\"description\":\"Sociedade de Advogados\",\"publisher\":{\"@id\":\"https:\\\/\\\/talktoalldigital.com.br\\\/brazefigueiredo\\\/#organization\"},\"potentialAction\":[{\"@type\":\"SearchAction\",\"target\":{\"@type\":\"EntryPoint\",\"urlTemplate\":\"https:\\\/\\\/talktoalldigital.com.br\\\/brazefigueiredo\\\/?s={search_term_string}\"},\"query-input\":{\"@type\":\"PropertyValueSpecification\",\"valueRequired\":true,\"valueName\":\"search_term_string\"}}],\"inLanguage\":\"pt-BR\"},{\"@type\":\"Organization\",\"@id\":\"https:\\\/\\\/talktoalldigital.com.br\\\/brazefigueiredo\\\/#organization\",\"name\":\"Braz & Figueiredo\",\"url\":\"https:\\\/\\\/talktoalldigital.com.br\\\/brazefigueiredo\\\/\",\"logo\":{\"@type\":\"ImageObject\",\"inLanguage\":\"pt-BR\",\"@id\":\"https:\\\/\\\/talktoalldigital.com.br\\\/brazefigueiredo\\\/#\\\/schema\\\/logo\\\/image\\\/\",\"url\":\"https:\\\/\\\/talktoalldigital.com.br\\\/brazefigueiredo\\\/wp-content\\\/uploads\\\/2026\\\/02\\\/logo-braz-e-figueiredo.svg\",\"contentUrl\":\"https:\\\/\\\/talktoalldigital.com.br\\\/brazefigueiredo\\\/wp-content\\\/uploads\\\/2026\\\/02\\\/logo-braz-e-figueiredo.svg\",\"width\":275,\"height\":23,\"caption\":\"Braz & Figueiredo\"},\"image\":{\"@id\":\"https:\\\/\\\/talktoalldigital.com.br\\\/brazefigueiredo\\\/#\\\/schema\\\/logo\\\/image\\\/\"},\"sameAs\":[\"https:\\\/\\\/www.facebook.com\\\/brazefigueiredosociedadedeadvogados\\\/\",\"https:\\\/\\\/www.instagram.com\\\/brazefigueiredo\\\/\"]}]}<\/script>\n<!-- \/ Yoast SEO plugin. -->","yoast_head_json":{"title":"\u00c1reas de Atua\u00e7\u00e3o - Braz &amp; Figueiredo","robots":{"index":"index","follow":"follow","max-snippet":"max-snippet:-1","max-image-preview":"max-image-preview:large","max-video-preview":"max-video-preview:-1"},"canonical":"https:\/\/talktoalldigital.com.br\/brazefigueiredo\/areas-de-atuacao\/","og_locale":"pt_BR","og_type":"article","og_title":"\u00c1reas de Atua\u00e7\u00e3o - Braz &amp; Figueiredo","og_description":"\u00c1reas de Atua\u00e7\u00e3o Protegemos sua empresa, seus neg\u00f3cios e seus resultados. No ambiente corporativo atual, os desafios jur\u00eddicos v\u00e3o muito al\u00e9m de simples conformidade: riscos trabalhistas, conflitos societ\u00e1rios, quest\u00f5es contratuais e lit\u00edgios de consumo podem comprometer a reputa\u00e7\u00e3o, o patrim\u00f4nio e a continuidade da sua empresa. Nossa atua\u00e7\u00e3o \u00e9 estrat\u00e9gica, preventiva e personalizada, oferecendo solu\u00e7\u00f5es [&hellip;]","og_url":"https:\/\/talktoalldigital.com.br\/brazefigueiredo\/areas-de-atuacao\/","og_site_name":"Braz &amp; Figueiredo","article_publisher":"https:\/\/www.facebook.com\/brazefigueiredosociedadedeadvogados\/","article_modified_time":"2026-04-10T17:06:57+00:00","og_image":[{"url":"https:\/\/talktoalldigital.com.br\/brazefigueiredo\/wp-content\/uploads\/2026\/04\/0Y2A2502-1024x683.jpg","type":"","width":"","height":""}],"twitter_card":"summary_large_image","twitter_misc":{"Est. tempo de leitura":"1 minuto"},"schema":{"@context":"https:\/\/schema.org","@graph":[{"@type":"WebPage","@id":"https:\/\/talktoalldigital.com.br\/brazefigueiredo\/areas-de-atuacao\/","url":"https:\/\/talktoalldigital.com.br\/brazefigueiredo\/areas-de-atuacao\/","name":"\u00c1reas de Atua\u00e7\u00e3o - Braz &amp; Figueiredo","isPartOf":{"@id":"https:\/\/talktoalldigital.com.br\/brazefigueiredo\/#website"},"primaryImageOfPage":{"@id":"https:\/\/talktoalldigital.com.br\/brazefigueiredo\/areas-de-atuacao\/#primaryimage"},"image":{"@id":"https:\/\/talktoalldigital.com.br\/brazefigueiredo\/areas-de-atuacao\/#primaryimage"},"thumbnailUrl":"https:\/\/talktoalldigital.com.br\/brazefigueiredo\/wp-content\/uploads\/2026\/04\/0Y2A2502-1024x683.jpg","datePublished":"2026-02-23T20:31:57+00:00","dateModified":"2026-04-10T17:06:57+00:00","breadcrumb":{"@id":"https:\/\/talktoalldigital.com.br\/brazefigueiredo\/areas-de-atuacao\/#breadcrumb"},"inLanguage":"pt-BR","potentialAction":[{"@type":"ReadAction","target":["https:\/\/talktoalldigital.com.br\/brazefigueiredo\/areas-de-atuacao\/"]}]},{"@type":"ImageObject","inLanguage":"pt-BR","@id":"https:\/\/talktoalldigital.com.br\/brazefigueiredo\/areas-de-atuacao\/#primaryimage","url":"https:\/\/talktoalldigital.com.br\/brazefigueiredo\/wp-content\/uploads\/2026\/04\/0Y2A2502-scaled.jpg","contentUrl":"https:\/\/talktoalldigital.com.br\/brazefigueiredo\/wp-content\/uploads\/2026\/04\/0Y2A2502-scaled.jpg","width":2560,"height":1707},{"@type":"BreadcrumbList","@id":"https:\/\/talktoalldigital.com.br\/brazefigueiredo\/areas-de-atuacao\/#breadcrumb","itemListElement":[{"@type":"ListItem","position":1,"name":"In\u00edcio","item":"https:\/\/talktoalldigital.com.br\/brazefigueiredo\/"},{"@type":"ListItem","position":2,"name":"\u00c1reas de Atua\u00e7\u00e3o"}]},{"@type":"WebSite","@id":"https:\/\/talktoalldigital.com.br\/brazefigueiredo\/#website","url":"https:\/\/talktoalldigital.com.br\/brazefigueiredo\/","name":"Braz & Figueiredo","description":"Sociedade de Advogados","publisher":{"@id":"https:\/\/talktoalldigital.com.br\/brazefigueiredo\/#organization"},"potentialAction":[{"@type":"SearchAction","target":{"@type":"EntryPoint","urlTemplate":"https:\/\/talktoalldigital.com.br\/brazefigueiredo\/?s={search_term_string}"},"query-input":{"@type":"PropertyValueSpecification","valueRequired":true,"valueName":"search_term_string"}}],"inLanguage":"pt-BR"},{"@type":"Organization","@id":"https:\/\/talktoalldigital.com.br\/brazefigueiredo\/#organization","name":"Braz & Figueiredo","url":"https:\/\/talktoalldigital.com.br\/brazefigueiredo\/","logo":{"@type":"ImageObject","inLanguage":"pt-BR","@id":"https:\/\/talktoalldigital.com.br\/brazefigueiredo\/#\/schema\/logo\/image\/","url":"https:\/\/talktoalldigital.com.br\/brazefigueiredo\/wp-content\/uploads\/2026\/02\/logo-braz-e-figueiredo.svg","contentUrl":"https:\/\/talktoalldigital.com.br\/brazefigueiredo\/wp-content\/uploads\/2026\/02\/logo-braz-e-figueiredo.svg","width":275,"height":23,"caption":"Braz & Figueiredo"},"image":{"@id":"https:\/\/talktoalldigital.com.br\/brazefigueiredo\/#\/schema\/logo\/image\/"},"sameAs":["https:\/\/www.facebook.com\/brazefigueiredosociedadedeadvogados\/","https:\/\/www.instagram.com\/brazefigueiredo\/"]}]}},"_links":{"self":[{"href":"https:\/\/talktoalldigital.com.br\/brazefigueiredo\/wp-json\/wp\/v2\/pages\/199","targetHints":{"allow":["GET"]}}],"collection":[{"href":"https:\/\/talktoalldigital.com.br\/brazefigueiredo\/wp-json\/wp\/v2\/pages"}],"about":[{"href":"https:\/\/talktoalldigital.com.br\/brazefigueiredo\/wp-json\/wp\/v2\/types\/page"}],"author":[{"embeddable":true,"href":"https:\/\/talktoalldigital.com.br\/brazefigueiredo\/wp-json\/wp\/v2\/users\/1"}],"replies":[{"embeddable":true,"href":"https:\/\/talktoalldigital.com.br\/brazefigueiredo\/wp-json\/wp\/v2\/comments?post=199"}],"version-history":[{"count":49,"href":"https:\/\/talktoalldigital.com.br\/brazefigueiredo\/wp-json\/wp\/v2\/pages\/199\/revisions"}],"predecessor-version":[{"id":4430,"href":"https:\/\/talktoalldigital.com.br\/brazefigueiredo\/wp-json\/wp\/v2\/pages\/199\/revisions\/4430"}],"wp:attachment":[{"href":"https:\/\/talktoalldigital.com.br\/brazefigueiredo\/wp-json\/wp\/v2\/media?parent=199"}],"curies":[{"name":"wp","href":"https:\/\/api.w.org\/{rel}","templated":true}]}}