{"id":303,"date":"2026-03-18T16:39:24","date_gmt":"2026-03-18T19:39:24","guid":{"rendered":"https:\/\/talktoalldigital.com.br\/brazefigueiredo\/?page_id=303"},"modified":"2026-04-10T14:07:07","modified_gmt":"2026-04-10T17:07:07","slug":"direito-de-familia-e-sucessoes","status":"publish","type":"page","link":"https:\/\/talktoalldigital.com.br\/brazefigueiredo\/areas-de-atuacao\/direito-de-familia-e-sucessoes\/","title":{"rendered":"Direito de Fam\u00edlia e Sucess\u00f5es"},"content":{"rendered":"\t\t<div data-elementor-type=\"wp-page\" data-elementor-id=\"303\" class=\"elementor elementor-303\" data-elementor-post-type=\"page\">\n\t\t\t\t<div class=\"elementor-element elementor-element-7bf21bfe e-flex e-con-boxed e-con e-parent\" data-id=\"7bf21bfe\" data-element_type=\"container\" data-e-type=\"container\" data-settings=\"{&quot;background_background&quot;:&quot;classic&quot;,&quot;background_motion_fx_motion_fx_mouse&quot;:&quot;yes&quot;,&quot;background_motion_fx_mouseTrack_effect&quot;:&quot;yes&quot;,&quot;background_motion_fx_mouseTrack_direction&quot;:&quot;negative&quot;,&quot;background_motion_fx_mouseTrack_speed&quot;:{&quot;unit&quot;:&quot;px&quot;,&quot;size&quot;:0.1,&quot;sizes&quot;:[]}}\">\n\t\t\t\t\t<div class=\"e-con-inner\">\n\t\t<div class=\"elementor-element elementor-element-2a639e7e e-con-full e-flex e-con e-child\" data-id=\"2a639e7e\" data-element_type=\"container\" data-e-type=\"container\">\n\t\t\t\t<div class=\"elementor-element elementor-element-4b19d423 elementor-widget elementor-widget-heading\" data-id=\"4b19d423\" data-element_type=\"widget\" data-e-type=\"widget\" data-widget_type=\"heading.default\">\n\t\t\t\t\t<h2 class=\"elementor-heading-title elementor-size-default\">\u00c1rea de atua\u00e7\u00e3o<\/h2>\t\t\t\t<\/div>\n\t\t\t\t<div class=\"elementor-element elementor-element-6b9eb53e elementor-widget elementor-widget-heading\" data-id=\"6b9eb53e\" data-element_type=\"widget\" data-e-type=\"widget\" data-widget_type=\"heading.default\">\n\t\t\t\t\t<h2 class=\"elementor-heading-title elementor-size-default\">Direito de Fam\u00edlia e Sucess\u00f5es<\/h2>\t\t\t\t<\/div>\n\t\t\t\t<div class=\"elementor-element elementor-element-6fa12b43 elementor-widget__width-inherit elementor-widget elementor-widget-text-editor\" data-id=\"6fa12b43\" data-element_type=\"widget\" data-e-type=\"widget\" data-widget_type=\"text-editor.default\">\n\t\t\t\t\t\t\t\t\t<p>Ajudamos fam\u00edlias e empresas a estruturarem sucess\u00f5es, acordos e invent\u00e1rios de forma estrat\u00e9gica, evitando conflitos, preservando rela\u00e7\u00f5es e garantindo seguran\u00e7a patrimonial duradoura.<\/p>\t\t\t\t\t\t\t\t<\/div>\n\t\t\t\t<div class=\"elementor-element elementor-element-2eaf23f0 elementor-align-left elementor-widget elementor-widget-breadcrumbs\" data-id=\"2eaf23f0\" data-element_type=\"widget\" data-e-type=\"widget\" data-widget_type=\"breadcrumbs.default\">\n\t\t\t\t\t<nav id=\"breadcrumbs\"><span><span><a href=\"https:\/\/talktoalldigital.com.br\/brazefigueiredo\/\">In\u00edcio<\/a><\/span><\/span><\/nav>\t\t\t\t<\/div>\n\t\t\t\t<\/div>\n\t\t\t\t\t<\/div>\n\t\t\t\t<\/div>\n\t\t<div class=\"elementor-element elementor-element-5f7b6a6c e-flex e-con-boxed e-con e-parent\" data-id=\"5f7b6a6c\" data-element_type=\"container\" data-e-type=\"container\" data-settings=\"{&quot;background_background&quot;:&quot;gradient&quot;}\">\n\t\t\t\t\t<div class=\"e-con-inner\">\n\t\t<div class=\"elementor-element elementor-element-ae04ead e-con-full e-grid e-con e-child\" data-id=\"ae04ead\" data-element_type=\"container\" data-e-type=\"container\">\n\t\t<div class=\"elementor-element elementor-element-212fcc94 e-con-full e-flex e-con e-child\" data-id=\"212fcc94\" data-element_type=\"container\" data-e-type=\"container\">\n\t\t\t\t<div class=\"elementor-element elementor-element-6dc747c0 title-tracos elementor-widget elementor-widget-heading\" data-id=\"6dc747c0\" data-element_type=\"widget\" data-e-type=\"widget\" data-widget_type=\"heading.default\">\n\t\t\t\t\t<h2 class=\"elementor-heading-title elementor-size-default\">Pactos antenupciais e contratos de conviv\u00eancia<\/h2>\t\t\t\t<\/div>\n\t\t\t\t<div class=\"elementor-element elementor-element-4bcf2394 elementor-widget__width-inherit elementor-widget elementor-widget-text-editor\" data-id=\"4bcf2394\" data-element_type=\"widget\" data-e-type=\"widget\" data-widget_type=\"text-editor.default\">\n\t\t\t\t\t\t\t\t\t<p>Desenvolvemos instrumentos que definem regime de bens, responsabilidades e expectativas do casal, prevenindo conflitos futuros e trazendo seguran\u00e7a jur\u00eddica desde o in\u00edcio da rela\u00e7\u00e3o.<\/p>\t\t\t\t\t\t\t\t<\/div>\n\t\t\t\t<\/div>\n\t\t<div class=\"elementor-element elementor-element-301d22b e-con-full e-flex e-con e-child\" data-id=\"301d22b\" data-element_type=\"container\" data-e-type=\"container\">\n\t\t\t\t<div class=\"elementor-element elementor-element-1301692a title-tracos elementor-widget elementor-widget-heading\" data-id=\"1301692a\" data-element_type=\"widget\" data-e-type=\"widget\" data-widget_type=\"heading.default\">\n\t\t\t\t\t<h2 class=\"elementor-heading-title elementor-size-default\">Div\u00f3rcio, dissolu\u00e7\u00e3o de uni\u00e3o est\u00e1vel e partilha de bens<\/h2>\t\t\t\t<\/div>\n\t\t\t\t<div class=\"elementor-element elementor-element-2a76998b elementor-widget__width-inherit elementor-widget elementor-widget-text-editor\" data-id=\"2a76998b\" data-element_type=\"widget\" data-e-type=\"widget\" data-widget_type=\"text-editor.default\">\n\t\t\t\t\t\t\t\t\t<p>Conduzimos processos de forma estrat\u00e9gica e humanizada, assegurando uma divis\u00e3o equilibrada do patrim\u00f4nio, prote\u00e7\u00e3o de direitos e redu\u00e7\u00e3o de desgastes emocionais e financeiros.<\/p>\t\t\t\t\t\t\t\t<\/div>\n\t\t\t\t<\/div>\n\t\t<div class=\"elementor-element elementor-element-48418f4d e-con-full e-flex e-con e-child\" data-id=\"48418f4d\" data-element_type=\"container\" data-e-type=\"container\">\n\t\t\t\t<div class=\"elementor-element elementor-element-679fecd5 title-tracos elementor-widget elementor-widget-heading\" data-id=\"679fecd5\" data-element_type=\"widget\" data-e-type=\"widget\" data-widget_type=\"heading.default\">\n\t\t\t\t\t<h2 class=\"elementor-heading-title elementor-size-default\">Guarda, visitas e pens\u00e3o aliment\u00edcia<\/h2>\t\t\t\t<\/div>\n\t\t\t\t<div class=\"elementor-element elementor-element-98b4bc6 elementor-widget__width-inherit elementor-widget elementor-widget-text-editor\" data-id=\"98b4bc6\" data-element_type=\"widget\" data-e-type=\"widget\" data-widget_type=\"text-editor.default\">\n\t\t\t\t\t\t\t\t\t<p>Estabelecemos regras claras e juridicamente adequadas para garantir o bem-estar dos filhos, evitando disputas prolongadas e assegurando equil\u00edbrio entre responsabilidades e direitos parentais.<\/p>\t\t\t\t\t\t\t\t<\/div>\n\t\t\t\t<\/div>\n\t\t<div class=\"elementor-element elementor-element-c133a4e e-con-full e-flex e-con e-child\" data-id=\"c133a4e\" data-element_type=\"container\" data-e-type=\"container\">\n\t\t\t\t<div class=\"elementor-element elementor-element-239932fa title-tracos elementor-widget elementor-widget-heading\" data-id=\"239932fa\" data-element_type=\"widget\" data-e-type=\"widget\" data-widget_type=\"heading.default\">\n\t\t\t\t\t<h2 class=\"elementor-heading-title elementor-size-default\">Media\u00e7\u00e3o e negocia\u00e7\u00e3o familiar<\/h2>\t\t\t\t<\/div>\n\t\t\t\t<div class=\"elementor-element elementor-element-116460fd elementor-widget__width-inherit elementor-widget elementor-widget-text-editor\" data-id=\"116460fd\" data-element_type=\"widget\" data-e-type=\"widget\" data-widget_type=\"text-editor.default\">\n\t\t\t\t\t\t\t\t\t<p>Apoiamos a solu\u00e7\u00e3o consensual de conflitos, permitindo acordos mais \u00e1geis, menos custosos e que preservam v\u00ednculos familiares, sem necessidade de lit\u00edgio.<\/p>\t\t\t\t\t\t\t\t<\/div>\n\t\t\t\t<\/div>\n\t\t<div class=\"elementor-element elementor-element-72f4271a e-con-full e-flex e-con e-child\" data-id=\"72f4271a\" data-element_type=\"container\" data-e-type=\"container\">\n\t\t\t\t<div class=\"elementor-element elementor-element-700157de title-tracos elementor-widget elementor-widget-heading\" data-id=\"700157de\" data-element_type=\"widget\" data-e-type=\"widget\" data-widget_type=\"heading.default\">\n\t\t\t\t\t<h2 class=\"elementor-heading-title elementor-size-default\">A\u00e7\u00f5es de paternidade e filia\u00e7\u00e3o<\/h2>\t\t\t\t<\/div>\n\t\t\t\t<div class=\"elementor-element elementor-element-77ae5167 elementor-widget__width-inherit elementor-widget elementor-widget-text-editor\" data-id=\"77ae5167\" data-element_type=\"widget\" data-e-type=\"widget\" data-widget_type=\"text-editor.default\">\n\t\t\t\t\t\t\t\t\t<p>Acompanhamos e defendemos clientes em casos que envolvem reconhecimento de v\u00ednculo familiar, garantindo seguran\u00e7a jur\u00eddica e cumprimento dos direitos envolvidos.<\/p>\t\t\t\t\t\t\t\t<\/div>\n\t\t\t\t<\/div>\n\t\t<div class=\"elementor-element elementor-element-7fb5883a e-con-full e-flex e-con e-child\" data-id=\"7fb5883a\" data-element_type=\"container\" data-e-type=\"container\">\n\t\t\t\t<div class=\"elementor-element elementor-element-29247820 title-tracos elementor-widget elementor-widget-heading\" data-id=\"29247820\" data-element_type=\"widget\" data-e-type=\"widget\" data-widget_type=\"heading.default\">\n\t\t\t\t\t<h2 class=\"elementor-heading-title elementor-size-default\">Planejamento sucess\u00f3rio e organiza\u00e7\u00e3o patrimonial<\/h2>\t\t\t\t<\/div>\n\t\t\t\t<div class=\"elementor-element elementor-element-4f17183 elementor-widget__width-inherit elementor-widget elementor-widget-text-editor\" data-id=\"4f17183\" data-element_type=\"widget\" data-e-type=\"widget\" data-widget_type=\"text-editor.default\">\n\t\t\t\t\t\t\t\t\t<p>Estruturamos estrat\u00e9gias para garantir a continuidade familiar e empresarial, evitando conflitos entre herdeiros e reduzindo custos e riscos futuros.<\/p>\t\t\t\t\t\t\t\t<\/div>\n\t\t\t\t<\/div>\n\t\t<div class=\"elementor-element elementor-element-36047c5b e-con-full e-flex e-con e-child\" data-id=\"36047c5b\" data-element_type=\"container\" data-e-type=\"container\">\n\t\t\t\t<div class=\"elementor-element elementor-element-fb308ab title-tracos elementor-widget elementor-widget-heading\" data-id=\"fb308ab\" data-element_type=\"widget\" data-e-type=\"widget\" data-widget_type=\"heading.default\">\n\t\t\t\t\t<h2 class=\"elementor-heading-title elementor-size-default\">Invent\u00e1rio judicial e extrajudicial<\/h2>\t\t\t\t<\/div>\n\t\t\t\t<div class=\"elementor-element elementor-element-4ef7c21c elementor-widget__width-inherit elementor-widget elementor-widget-text-editor\" data-id=\"4ef7c21c\" data-element_type=\"widget\" data-e-type=\"widget\" data-widget_type=\"text-editor.default\">\n\t\t\t\t\t\t\t\t\t<p>Gerenciamos todo o processo de invent\u00e1rio com agilidade, regularidade documental e aten\u00e7\u00e3o estrat\u00e9gica, reduzindo burocracias e potenciais atritos familiares.<\/p>\t\t\t\t\t\t\t\t<\/div>\n\t\t\t\t<\/div>\n\t\t<div class=\"elementor-element elementor-element-5166a5c8 e-con-full e-flex e-con e-child\" data-id=\"5166a5c8\" data-element_type=\"container\" data-e-type=\"container\">\n\t\t\t\t<div class=\"elementor-element elementor-element-bc12e8e title-tracos elementor-widget elementor-widget-heading\" data-id=\"bc12e8e\" data-element_type=\"widget\" data-e-type=\"widget\" data-widget_type=\"heading.default\">\n\t\t\t\t\t<h2 class=\"elementor-heading-title elementor-size-default\">Testamentos e disposi\u00e7\u00f5es de \u00faltima vontade<\/h2>\t\t\t\t<\/div>\n\t\t\t\t<div class=\"elementor-element elementor-element-599a73d2 elementor-widget__width-inherit elementor-widget elementor-widget-text-editor\" data-id=\"599a73d2\" data-element_type=\"widget\" data-e-type=\"widget\" data-widget_type=\"text-editor.default\">\n\t\t\t\t\t\t\t\t\t<p>Auxiliamos na elabora\u00e7\u00e3o e formaliza\u00e7\u00e3o de documentos que asseguram que a vontade do autor seja cumprida, reduzindo incertezas e prevenindo disputas posteriores.<\/p>\t\t\t\t\t\t\t\t<\/div>\n\t\t\t\t<\/div>\n\t\t<div class=\"elementor-element elementor-element-e71de55 e-con-full e-flex e-con e-child\" data-id=\"e71de55\" data-element_type=\"container\" data-e-type=\"container\">\n\t\t\t\t<div class=\"elementor-element elementor-element-513e280 title-tracos elementor-widget elementor-widget-heading\" data-id=\"513e280\" data-element_type=\"widget\" data-e-type=\"widget\" data-widget_type=\"heading.default\">\n\t\t\t\t\t<h2 class=\"elementor-heading-title elementor-size-default\">Disputas sucess\u00f3rias e partilhas complexas<\/h2>\t\t\t\t<\/div>\n\t\t\t\t<div class=\"elementor-element elementor-element-377f52a elementor-widget__width-inherit elementor-widget elementor-widget-text-editor\" data-id=\"377f52a\" data-element_type=\"widget\" data-e-type=\"widget\" data-widget_type=\"text-editor.default\">\n\t\t\t\t\t\t\t\t\t<p>Atuamos na defesa dos interesses de herdeiros e empresas familiares em cen\u00e1rios de alta complexidade, preservando patrim\u00f4nio e garantindo cumprimento da legisla\u00e7\u00e3o.<\/p>\t\t\t\t\t\t\t\t<\/div>\n\t\t\t\t<\/div>\n\t\t<div class=\"elementor-element elementor-element-ffd18e3 e-con-full e-flex e-con e-child\" data-id=\"ffd18e3\" data-element_type=\"container\" data-e-type=\"container\">\n\t\t\t\t<div class=\"elementor-element elementor-element-c583ff2 title-tracos elementor-widget elementor-widget-heading\" data-id=\"c583ff2\" data-element_type=\"widget\" data-e-type=\"widget\" data-widget_type=\"heading.default\">\n\t\t\t\t\t<h2 class=\"elementor-heading-title elementor-size-default\">Transi\u00e7\u00e3o patrimonial e reorganiza\u00e7\u00e3o societ\u00e1ria familiar<\/h2>\t\t\t\t<\/div>\n\t\t\t\t<div class=\"elementor-element elementor-element-2fa44ed elementor-widget__width-inherit elementor-widget elementor-widget-text-editor\" data-id=\"2fa44ed\" data-element_type=\"widget\" data-e-type=\"widget\" data-widget_type=\"text-editor.default\">\n\t\t\t\t\t\t\t\t\t<p>Oferecemos suporte estrat\u00e9gico para empresas familiares estruturarem a sucess\u00e3o societ\u00e1ria, reduzindo vulnerabilidades e garantindo a continuidade dos neg\u00f3cios.<\/p>\t\t\t\t\t\t\t\t<\/div>\n\t\t\t\t<\/div>\n\t\t\t\t<\/div>\n\t\t<div class=\"elementor-element elementor-element-23dca2d1 e-con-full e-flex e-con e-child\" data-id=\"23dca2d1\" data-element_type=\"container\" data-e-type=\"container\" data-settings=\"{&quot;background_background&quot;:&quot;classic&quot;}\">\n\t\t\t\t<div class=\"elementor-element elementor-element-e699508 elementor-widget__width-initial elementor-widget elementor-widget-heading\" data-id=\"e699508\" data-element_type=\"widget\" data-e-type=\"widget\" data-widget_type=\"heading.default\">\n\t\t\t\t\t<h3 class=\"elementor-heading-title elementor-size-default\">Proteja seu legado e garanta a tranquilidade da sua fam\u00edlia<\/h3>\t\t\t\t<\/div>\n\t\t\t\t<div class=\"elementor-element elementor-element-332ccd03 elementor-widget__width-initial elementor-widget elementor-widget-heading\" data-id=\"332ccd03\" data-element_type=\"widget\" data-e-type=\"widget\" data-widget_type=\"heading.default\">\n\t\t\t\t\t<p class=\"elementor-heading-title elementor-size-default\">Oferecemos atendimento humanizado, sigiloso e resolutivo para planejamento sucess\u00f3rio, invent\u00e1rios, div\u00f3rcios e media\u00e7\u00e3o de conflitos familiares.<\/p>\t\t\t\t<\/div>\n\t\t\t\t<div class=\"elementor-element elementor-element-1082bf7 elementor-align-left elementor-widget elementor-widget-button\" data-id=\"1082bf7\" data-element_type=\"widget\" data-e-type=\"widget\" data-widget_type=\"button.default\">\n\t\t\t\t\t\t\t\t\t\t<a class=\"elementor-button elementor-button-link elementor-size-sm\" href=\"https:\/\/talktoalldigital.com.br\/brazefigueiredo\/contato\/\">\n\t\t\t\t\t\t<span class=\"elementor-button-content-wrapper\">\n\t\t\t\t\t\t\t\t\t<span class=\"elementor-button-text\">Fale agora conosco<\/span>\n\t\t\t\t\t<\/span>\n\t\t\t\t\t<\/a>\n\t\t\t\t\t\t\t\t<\/div>\n\t\t\t\t<\/div>\n\t\t\t\t\t<\/div>\n\t\t\t\t<\/div>\n\t\t\t\t<\/div>\n\t\t","protected":false},"excerpt":{"rendered":"<p>\u00c1rea de atua\u00e7\u00e3o Direito de Fam\u00edlia e Sucess\u00f5es Ajudamos fam\u00edlias e empresas a estruturarem sucess\u00f5es, acordos e invent\u00e1rios de forma estrat\u00e9gica, evitando conflitos, preservando rela\u00e7\u00f5es e garantindo seguran\u00e7a patrimonial duradoura. Pactos antenupciais e contratos de conviv\u00eancia Desenvolvemos instrumentos que definem regime de bens, responsabilidades e expectativas do casal, prevenindo conflitos futuros e trazendo seguran\u00e7a jur\u00eddica [&hellip;]<\/p>\n","protected":false},"author":1,"featured_media":0,"parent":199,"menu_order":0,"comment_status":"closed","ping_status":"closed","template":"","meta":{"_acf_changed":false,"footnotes":""},"class_list":["post-303","page","type-page","status-publish","hentry"],"acf":[],"yoast_head":"<!-- This site is optimized with the Yoast SEO plugin v27.3 - https:\/\/yoast.com\/product\/yoast-seo-wordpress\/ -->\n<title>Direito de Fam\u00edlia e Sucess\u00f5es - Braz &amp; Figueiredo<\/title>\n<meta name=\"robots\" content=\"index, follow, max-snippet:-1, max-image-preview:large, max-video-preview:-1\" \/>\n<link rel=\"canonical\" href=\"https:\/\/talktoalldigital.com.br\/brazefigueiredo\/areas-de-atuacao\/direito-de-familia-e-sucessoes\/\" \/>\n<meta property=\"og:locale\" content=\"pt_BR\" \/>\n<meta property=\"og:type\" content=\"article\" \/>\n<meta property=\"og:title\" content=\"Direito de Fam\u00edlia e Sucess\u00f5es - Braz &amp; Figueiredo\" \/>\n<meta property=\"og:description\" content=\"\u00c1rea de atua\u00e7\u00e3o Direito de Fam\u00edlia e Sucess\u00f5es Ajudamos fam\u00edlias e empresas a estruturarem sucess\u00f5es, acordos e invent\u00e1rios de forma estrat\u00e9gica, evitando conflitos, preservando rela\u00e7\u00f5es e garantindo seguran\u00e7a patrimonial duradoura. Pactos antenupciais e contratos de conviv\u00eancia Desenvolvemos instrumentos que definem regime de bens, responsabilidades e expectativas do casal, prevenindo conflitos futuros e trazendo seguran\u00e7a jur\u00eddica [&hellip;]\" \/>\n<meta property=\"og:url\" content=\"https:\/\/talktoalldigital.com.br\/brazefigueiredo\/areas-de-atuacao\/direito-de-familia-e-sucessoes\/\" \/>\n<meta property=\"og:site_name\" content=\"Braz &amp; Figueiredo\" \/>\n<meta property=\"article:publisher\" content=\"https:\/\/www.facebook.com\/brazefigueiredosociedadedeadvogados\/\" \/>\n<meta property=\"article:modified_time\" content=\"2026-04-10T17:07:07+00:00\" \/>\n<meta name=\"twitter:card\" content=\"summary_large_image\" \/>\n<meta name=\"twitter:label1\" content=\"Est. tempo de leitura\" \/>\n\t<meta name=\"twitter:data1\" content=\"2 minutos\" \/>\n<script type=\"application\/ld+json\" class=\"yoast-schema-graph\">{\"@context\":\"https:\\\/\\\/schema.org\",\"@graph\":[{\"@type\":\"WebPage\",\"@id\":\"https:\\\/\\\/talktoalldigital.com.br\\\/brazefigueiredo\\\/areas-de-atuacao\\\/direito-de-familia-e-sucessoes\\\/\",\"url\":\"https:\\\/\\\/talktoalldigital.com.br\\\/brazefigueiredo\\\/areas-de-atuacao\\\/direito-de-familia-e-sucessoes\\\/\",\"name\":\"Direito de Fam\u00edlia e Sucess\u00f5es - Braz &amp; Figueiredo\",\"isPartOf\":{\"@id\":\"https:\\\/\\\/talktoalldigital.com.br\\\/brazefigueiredo\\\/#website\"},\"datePublished\":\"2026-03-18T19:39:24+00:00\",\"dateModified\":\"2026-04-10T17:07:07+00:00\",\"breadcrumb\":{\"@id\":\"https:\\\/\\\/talktoalldigital.com.br\\\/brazefigueiredo\\\/areas-de-atuacao\\\/direito-de-familia-e-sucessoes\\\/#breadcrumb\"},\"inLanguage\":\"pt-BR\",\"potentialAction\":[{\"@type\":\"ReadAction\",\"target\":[\"https:\\\/\\\/talktoalldigital.com.br\\\/brazefigueiredo\\\/areas-de-atuacao\\\/direito-de-familia-e-sucessoes\\\/\"]}]},{\"@type\":\"BreadcrumbList\",\"@id\":\"https:\\\/\\\/talktoalldigital.com.br\\\/brazefigueiredo\\\/areas-de-atuacao\\\/direito-de-familia-e-sucessoes\\\/#breadcrumb\",\"itemListElement\":[{\"@type\":\"ListItem\",\"position\":1,\"name\":\"In\u00edcio\",\"item\":\"https:\\\/\\\/talktoalldigital.com.br\\\/brazefigueiredo\\\/\"},{\"@type\":\"ListItem\",\"position\":2,\"name\":\"\u00c1reas de Atua\u00e7\u00e3o\",\"item\":\"https:\\\/\\\/talktoalldigital.com.br\\\/brazefigueiredo\\\/areas-de-atuacao\\\/\"},{\"@type\":\"ListItem\",\"position\":3,\"name\":\"Direito de Fam\u00edlia e Sucess\u00f5es\"}]},{\"@type\":\"WebSite\",\"@id\":\"https:\\\/\\\/talktoalldigital.com.br\\\/brazefigueiredo\\\/#website\",\"url\":\"https:\\\/\\\/talktoalldigital.com.br\\\/brazefigueiredo\\\/\",\"name\":\"Braz & Figueiredo\",\"description\":\"Sociedade de Advogados\",\"publisher\":{\"@id\":\"https:\\\/\\\/talktoalldigital.com.br\\\/brazefigueiredo\\\/#organization\"},\"potentialAction\":[{\"@type\":\"SearchAction\",\"target\":{\"@type\":\"EntryPoint\",\"urlTemplate\":\"https:\\\/\\\/talktoalldigital.com.br\\\/brazefigueiredo\\\/?s={search_term_string}\"},\"query-input\":{\"@type\":\"PropertyValueSpecification\",\"valueRequired\":true,\"valueName\":\"search_term_string\"}}],\"inLanguage\":\"pt-BR\"},{\"@type\":\"Organization\",\"@id\":\"https:\\\/\\\/talktoalldigital.com.br\\\/brazefigueiredo\\\/#organization\",\"name\":\"Braz & Figueiredo\",\"url\":\"https:\\\/\\\/talktoalldigital.com.br\\\/brazefigueiredo\\\/\",\"logo\":{\"@type\":\"ImageObject\",\"inLanguage\":\"pt-BR\",\"@id\":\"https:\\\/\\\/talktoalldigital.com.br\\\/brazefigueiredo\\\/#\\\/schema\\\/logo\\\/image\\\/\",\"url\":\"https:\\\/\\\/talktoalldigital.com.br\\\/brazefigueiredo\\\/wp-content\\\/uploads\\\/2026\\\/02\\\/logo-braz-e-figueiredo.svg\",\"contentUrl\":\"https:\\\/\\\/talktoalldigital.com.br\\\/brazefigueiredo\\\/wp-content\\\/uploads\\\/2026\\\/02\\\/logo-braz-e-figueiredo.svg\",\"width\":275,\"height\":23,\"caption\":\"Braz & Figueiredo\"},\"image\":{\"@id\":\"https:\\\/\\\/talktoalldigital.com.br\\\/brazefigueiredo\\\/#\\\/schema\\\/logo\\\/image\\\/\"},\"sameAs\":[\"https:\\\/\\\/www.facebook.com\\\/brazefigueiredosociedadedeadvogados\\\/\",\"https:\\\/\\\/www.instagram.com\\\/brazefigueiredo\\\/\"]}]}<\/script>\n<!-- \/ Yoast SEO plugin. -->","yoast_head_json":{"title":"Direito de Fam\u00edlia e Sucess\u00f5es - Braz &amp; Figueiredo","robots":{"index":"index","follow":"follow","max-snippet":"max-snippet:-1","max-image-preview":"max-image-preview:large","max-video-preview":"max-video-preview:-1"},"canonical":"https:\/\/talktoalldigital.com.br\/brazefigueiredo\/areas-de-atuacao\/direito-de-familia-e-sucessoes\/","og_locale":"pt_BR","og_type":"article","og_title":"Direito de Fam\u00edlia e Sucess\u00f5es - Braz &amp; Figueiredo","og_description":"\u00c1rea de atua\u00e7\u00e3o Direito de Fam\u00edlia e Sucess\u00f5es Ajudamos fam\u00edlias e empresas a estruturarem sucess\u00f5es, acordos e invent\u00e1rios de forma estrat\u00e9gica, evitando conflitos, preservando rela\u00e7\u00f5es e garantindo seguran\u00e7a patrimonial duradoura. Pactos antenupciais e contratos de conviv\u00eancia Desenvolvemos instrumentos que definem regime de bens, responsabilidades e expectativas do casal, prevenindo conflitos futuros e trazendo seguran\u00e7a jur\u00eddica [&hellip;]","og_url":"https:\/\/talktoalldigital.com.br\/brazefigueiredo\/areas-de-atuacao\/direito-de-familia-e-sucessoes\/","og_site_name":"Braz &amp; Figueiredo","article_publisher":"https:\/\/www.facebook.com\/brazefigueiredosociedadedeadvogados\/","article_modified_time":"2026-04-10T17:07:07+00:00","twitter_card":"summary_large_image","twitter_misc":{"Est. tempo de leitura":"2 minutos"},"schema":{"@context":"https:\/\/schema.org","@graph":[{"@type":"WebPage","@id":"https:\/\/talktoalldigital.com.br\/brazefigueiredo\/areas-de-atuacao\/direito-de-familia-e-sucessoes\/","url":"https:\/\/talktoalldigital.com.br\/brazefigueiredo\/areas-de-atuacao\/direito-de-familia-e-sucessoes\/","name":"Direito de Fam\u00edlia e Sucess\u00f5es - Braz &amp; Figueiredo","isPartOf":{"@id":"https:\/\/talktoalldigital.com.br\/brazefigueiredo\/#website"},"datePublished":"2026-03-18T19:39:24+00:00","dateModified":"2026-04-10T17:07:07+00:00","breadcrumb":{"@id":"https:\/\/talktoalldigital.com.br\/brazefigueiredo\/areas-de-atuacao\/direito-de-familia-e-sucessoes\/#breadcrumb"},"inLanguage":"pt-BR","potentialAction":[{"@type":"ReadAction","target":["https:\/\/talktoalldigital.com.br\/brazefigueiredo\/areas-de-atuacao\/direito-de-familia-e-sucessoes\/"]}]},{"@type":"BreadcrumbList","@id":"https:\/\/talktoalldigital.com.br\/brazefigueiredo\/areas-de-atuacao\/direito-de-familia-e-sucessoes\/#breadcrumb","itemListElement":[{"@type":"ListItem","position":1,"name":"In\u00edcio","item":"https:\/\/talktoalldigital.com.br\/brazefigueiredo\/"},{"@type":"ListItem","position":2,"name":"\u00c1reas de Atua\u00e7\u00e3o","item":"https:\/\/talktoalldigital.com.br\/brazefigueiredo\/areas-de-atuacao\/"},{"@type":"ListItem","position":3,"name":"Direito de Fam\u00edlia e Sucess\u00f5es"}]},{"@type":"WebSite","@id":"https:\/\/talktoalldigital.com.br\/brazefigueiredo\/#website","url":"https:\/\/talktoalldigital.com.br\/brazefigueiredo\/","name":"Braz & Figueiredo","description":"Sociedade de Advogados","publisher":{"@id":"https:\/\/talktoalldigital.com.br\/brazefigueiredo\/#organization"},"potentialAction":[{"@type":"SearchAction","target":{"@type":"EntryPoint","urlTemplate":"https:\/\/talktoalldigital.com.br\/brazefigueiredo\/?s={search_term_string}"},"query-input":{"@type":"PropertyValueSpecification","valueRequired":true,"valueName":"search_term_string"}}],"inLanguage":"pt-BR"},{"@type":"Organization","@id":"https:\/\/talktoalldigital.com.br\/brazefigueiredo\/#organization","name":"Braz & Figueiredo","url":"https:\/\/talktoalldigital.com.br\/brazefigueiredo\/","logo":{"@type":"ImageObject","inLanguage":"pt-BR","@id":"https:\/\/talktoalldigital.com.br\/brazefigueiredo\/#\/schema\/logo\/image\/","url":"https:\/\/talktoalldigital.com.br\/brazefigueiredo\/wp-content\/uploads\/2026\/02\/logo-braz-e-figueiredo.svg","contentUrl":"https:\/\/talktoalldigital.com.br\/brazefigueiredo\/wp-content\/uploads\/2026\/02\/logo-braz-e-figueiredo.svg","width":275,"height":23,"caption":"Braz & Figueiredo"},"image":{"@id":"https:\/\/talktoalldigital.com.br\/brazefigueiredo\/#\/schema\/logo\/image\/"},"sameAs":["https:\/\/www.facebook.com\/brazefigueiredosociedadedeadvogados\/","https:\/\/www.instagram.com\/brazefigueiredo\/"]}]}},"_links":{"self":[{"href":"https:\/\/talktoalldigital.com.br\/brazefigueiredo\/wp-json\/wp\/v2\/pages\/303","targetHints":{"allow":["GET"]}}],"collection":[{"href":"https:\/\/talktoalldigital.com.br\/brazefigueiredo\/wp-json\/wp\/v2\/pages"}],"about":[{"href":"https:\/\/talktoalldigital.com.br\/brazefigueiredo\/wp-json\/wp\/v2\/types\/page"}],"author":[{"embeddable":true,"href":"https:\/\/talktoalldigital.com.br\/brazefigueiredo\/wp-json\/wp\/v2\/users\/1"}],"replies":[{"embeddable":true,"href":"https:\/\/talktoalldigital.com.br\/brazefigueiredo\/wp-json\/wp\/v2\/comments?post=303"}],"version-history":[{"count":28,"href":"https:\/\/talktoalldigital.com.br\/brazefigueiredo\/wp-json\/wp\/v2\/pages\/303\/revisions"}],"predecessor-version":[{"id":4436,"href":"https:\/\/talktoalldigital.com.br\/brazefigueiredo\/wp-json\/wp\/v2\/pages\/303\/revisions\/4436"}],"up":[{"embeddable":true,"href":"https:\/\/talktoalldigital.com.br\/brazefigueiredo\/wp-json\/wp\/v2\/pages\/199"}],"wp:attachment":[{"href":"https:\/\/talktoalldigital.com.br\/brazefigueiredo\/wp-json\/wp\/v2\/media?parent=303"}],"curies":[{"name":"wp","href":"https:\/\/api.w.org\/{rel}","templated":true}]}}